{"id":14,"date":"2025-04-28T10:30:52","date_gmt":"2025-04-28T08:30:52","guid":{"rendered":"http:\/\/phyginp.cluster100.hosting.ovh.net\/?page_id=14"},"modified":"2025-06-10T09:11:40","modified_gmt":"2025-06-10T07:11:40","slug":"accueil","status":"publish","type":"page","link":"https:\/\/www.phyginet.fr\/","title":{"rendered":"Accueil"},"content":{"rendered":"\t\t<div data-elementor-type=\"wp-page\" data-elementor-id=\"14\" class=\"elementor elementor-14\">\n\t\t\t\t<div class=\"elementor-element elementor-element-4e15e14 e-con-full e-flex e-con e-parent\" data-id=\"4e15e14\" data-element_type=\"container\" data-e-type=\"container\" data-settings=\"{&quot;background_background&quot;:&quot;classic&quot;}\">\n\t\t\t\t<div class=\"elementor-element elementor-element-9267902 elementor-widget__width-initial elementor-widget elementor-widget-heading\" data-id=\"9267902\" data-element_type=\"widget\" data-e-type=\"widget\" data-widget_type=\"heading.default\">\n\t\t\t\t<div class=\"elementor-widget-container\">\n\t\t\t\t\t<h2 class=\"elementor-heading-title elementor-size-default\">PHYGINET, votre partenaire en hygi\u00e8ne, propret\u00e9 &amp; services associ\u00e9s en Gironde<\/h2>\t\t\t\t<\/div>\n\t\t\t\t<\/div>\n\t\t\t\t<div class=\"elementor-element elementor-element-126a060 elementor-widget elementor-widget-button\" data-id=\"126a060\" data-element_type=\"widget\" data-e-type=\"widget\" data-widget_type=\"button.default\">\n\t\t\t\t<div class=\"elementor-widget-container\">\n\t\t\t\t\t\t\t\t\t<div class=\"elementor-button-wrapper\">\n\t\t\t\t\t<a class=\"elementor-button elementor-button-link elementor-size-sm\" href=\"https:\/\/www.phyginet.fr\/index.php\/nos-services\/\">\n\t\t\t\t\t\t<span class=\"elementor-button-content-wrapper\">\n\t\t\t\t\t\t\t\t\t<span class=\"elementor-button-text\">Voir nos services<\/span>\n\t\t\t\t\t<\/span>\n\t\t\t\t\t<\/a>\n\t\t\t\t<\/div>\n\t\t\t\t\t\t\t\t<\/div>\n\t\t\t\t<\/div>\n\t\t\t\t<div class=\"elementor-element elementor-element-8af372d elementor-widget elementor-widget-button\" data-id=\"8af372d\" data-element_type=\"widget\" data-e-type=\"widget\" data-widget_type=\"button.default\">\n\t\t\t\t<div class=\"elementor-widget-container\">\n\t\t\t\t\t\t\t\t\t<div class=\"elementor-button-wrapper\">\n\t\t\t\t\t<a class=\"elementor-button elementor-button-link elementor-size-sm\" href=\"https:\/\/www.phyginet.fr\/index.php\/contact\/\">\n\t\t\t\t\t\t<span class=\"elementor-button-content-wrapper\">\n\t\t\t\t\t\t\t\t\t<span class=\"elementor-button-text\">Devis<\/span>\n\t\t\t\t\t<\/span>\n\t\t\t\t\t<\/a>\n\t\t\t\t<\/div>\n\t\t\t\t\t\t\t\t<\/div>\n\t\t\t\t<\/div>\n\t\t\t\t<div class=\"elementor-element elementor-element-6ef69ec elementor-widget elementor-widget-spacer\" data-id=\"6ef69ec\" data-element_type=\"widget\" data-e-type=\"widget\" data-widget_type=\"spacer.default\">\n\t\t\t\t<div class=\"elementor-widget-container\">\n\t\t\t\t\t\t\t<div class=\"elementor-spacer\">\n\t\t\t<div class=\"elementor-spacer-inner\"><\/div>\n\t\t<\/div>\n\t\t\t\t\t\t<\/div>\n\t\t\t\t<\/div>\n\t\t\t\t<\/div>\n\t\t<div class=\"elementor-element elementor-element-2bfabdd e-flex e-con-boxed e-con e-parent\" data-id=\"2bfabdd\" data-element_type=\"container\" data-e-type=\"container\">\n\t\t\t\t\t<div class=\"e-con-inner\">\n\t\t\t\t<div class=\"elementor-element elementor-element-86bc094 elementor-widget elementor-widget-heading\" data-id=\"86bc094\" data-element_type=\"widget\" data-e-type=\"widget\" data-widget_type=\"heading.default\">\n\t\t\t\t<div class=\"elementor-widget-container\">\n\t\t\t\t\t<h2 class=\"elementor-heading-title elementor-size-default\">Votre satisfaction, Notre priorit\u00e9 !<\/h2>\t\t\t\t<\/div>\n\t\t\t\t<\/div>\n\t\t\t\t<div class=\"elementor-element elementor-element-00b53c6 elementor-widget elementor-widget-text-editor\" data-id=\"00b53c6\" data-element_type=\"widget\" data-e-type=\"widget\" data-widget_type=\"text-editor.default\">\n\t\t\t\t<div class=\"elementor-widget-container\">\n\t\t\t\t\t\t\t\t\t<p>Partenaire de proximit\u00e9, notre priorit\u00e9 reste votre satisfaction. Nos engagements sur la relation client, l&rsquo;\u00e9cologie et soci\u00e9taux, associ\u00e9s \u00e0 l&rsquo;adaptation de nos services vous garantissent des prestations de qualit\u00e9.<\/p>\t\t\t\t\t\t\t\t<\/div>\n\t\t\t\t<\/div>\n\t\t\t\t<div class=\"elementor-element elementor-element-d1c7e18 elementor-button-info elementor-widget elementor-widget-button\" data-id=\"d1c7e18\" data-element_type=\"widget\" data-e-type=\"widget\" data-widget_type=\"button.default\">\n\t\t\t\t<div class=\"elementor-widget-container\">\n\t\t\t\t\t\t\t\t\t<div class=\"elementor-button-wrapper\">\n\t\t\t\t\t<a class=\"elementor-button elementor-button-link elementor-size-sm\" href=\"https:\/\/www.phyginet.fr\/index.php\/a-propos\/\">\n\t\t\t\t\t\t<span class=\"elementor-button-content-wrapper\">\n\t\t\t\t\t\t\t\t\t<span class=\"elementor-button-text\">Qui sommes nous ?<\/span>\n\t\t\t\t\t<\/span>\n\t\t\t\t\t<\/a>\n\t\t\t\t<\/div>\n\t\t\t\t\t\t\t\t<\/div>\n\t\t\t\t<\/div>\n\t\t\t\t\t<\/div>\n\t\t\t\t<\/div>\n\t\t<div class=\"elementor-element elementor-element-803c848 e-grid e-con-boxed e-con e-parent\" data-id=\"803c848\" data-element_type=\"container\" data-e-type=\"container\">\n\t\t\t\t\t<div class=\"e-con-inner\">\n\t\t\t\t<div class=\"elementor-element elementor-element-98d3353 elementor-widget elementor-widget-text-editor\" data-id=\"98d3353\" data-element_type=\"widget\" data-e-type=\"widget\" data-widget_type=\"text-editor.default\">\n\t\t\t\t<div class=\"elementor-widget-container\">\n\t\t\t\t\t\t\t\t\t<p><strong>Nettoyage courant<\/strong><\/p>\t\t\t\t\t\t\t\t<\/div>\n\t\t\t\t<\/div>\n\t\t\t\t<div class=\"elementor-element elementor-element-10face1 elementor-widget elementor-widget-text-editor\" data-id=\"10face1\" data-element_type=\"widget\" data-e-type=\"widget\" data-widget_type=\"text-editor.default\">\n\t\t\t\t<div class=\"elementor-widget-container\">\n\t\t\t\t\t\t\t\t\t<p><strong>Nettoyage de vitres, bardages et fa\u00e7ades<\/strong><\/p>\t\t\t\t\t\t\t\t<\/div>\n\t\t\t\t<\/div>\n\t\t\t\t<div class=\"elementor-element elementor-element-3b48116 elementor-widget elementor-widget-text-editor\" data-id=\"3b48116\" data-element_type=\"widget\" data-e-type=\"widget\" data-widget_type=\"text-editor.default\">\n\t\t\t\t<div class=\"elementor-widget-container\">\n\t\t\t\t\t\t\t\t\t<p><strong>Nettoyage inter locations ou fin de bail<\/strong><\/p>\t\t\t\t\t\t\t\t<\/div>\n\t\t\t\t<\/div>\n\t\t\t\t<div class=\"elementor-element elementor-element-97d87d7 elementor-widget elementor-widget-text-editor\" data-id=\"97d87d7\" data-element_type=\"widget\" data-e-type=\"widget\" data-widget_type=\"text-editor.default\">\n\t\t\t\t<div class=\"elementor-widget-container\">\n\t\t\t\t\t\t\t\t\t<p><strong>Nettoyage de fin de chantiers<\/strong><\/p>\t\t\t\t\t\t\t\t<\/div>\n\t\t\t\t<\/div>\n\t\t\t\t<div class=\"elementor-element elementor-element-1719144 elementor-widget elementor-widget-text-editor\" data-id=\"1719144\" data-element_type=\"widget\" data-e-type=\"widget\" data-widget_type=\"text-editor.default\">\n\t\t\t\t<div class=\"elementor-widget-container\">\n\t\t\t\t\t\t\t\t\t<p><strong>Nettoyage et remises en \u00e9tat sp\u00e9cifiques : moquettes, canap\u00e9s, tous type de sol<\/strong><\/p>\t\t\t\t\t\t\t\t<\/div>\n\t\t\t\t<\/div>\n\t\t\t\t<div class=\"elementor-element elementor-element-79f2ed4 elementor-hidden-mobile elementor-widget elementor-widget-image\" data-id=\"79f2ed4\" data-element_type=\"widget\" data-e-type=\"widget\" data-widget_type=\"image.default\">\n\t\t\t\t<div class=\"elementor-widget-container\">\n\t\t\t\t\t\t\t\t\t\t\t\t\t\t\t<img fetchpriority=\"high\" decoding=\"async\" width=\"1024\" height=\"683\" src=\"https:\/\/www.phyginet.fr\/wp-content\/uploads\/2025\/06\/bureau-nettoyage-personne-service-nettoyage-professionnel_23-2150520627-1024x683.jpg\" class=\"attachment-large size-large wp-image-572\" alt=\"\" srcset=\"https:\/\/www.phyginet.fr\/wp-content\/uploads\/2025\/06\/bureau-nettoyage-personne-service-nettoyage-professionnel_23-2150520627-1024x683.jpg 1024w, https:\/\/www.phyginet.fr\/wp-content\/uploads\/2025\/06\/bureau-nettoyage-personne-service-nettoyage-professionnel_23-2150520627-300x200.jpg 300w, https:\/\/www.phyginet.fr\/wp-content\/uploads\/2025\/06\/bureau-nettoyage-personne-service-nettoyage-professionnel_23-2150520627-768x512.jpg 768w, https:\/\/www.phyginet.fr\/wp-content\/uploads\/2025\/06\/bureau-nettoyage-personne-service-nettoyage-professionnel_23-2150520627.jpg 1380w\" sizes=\"(max-width: 1024px) 100vw, 1024px\" \/>\t\t\t\t\t\t\t\t\t\t\t\t\t\t\t<\/div>\n\t\t\t\t<\/div>\n\t\t\t\t<div class=\"elementor-element elementor-element-7dd4d87 elementor-hidden-mobile elementor-widget elementor-widget-image\" data-id=\"7dd4d87\" data-element_type=\"widget\" data-e-type=\"widget\" data-widget_type=\"image.default\">\n\t\t\t\t<div class=\"elementor-widget-container\">\n\t\t\t\t\t\t\t\t\t\t\t\t\t\t\t<img decoding=\"async\" width=\"1024\" height=\"768\" src=\"https:\/\/www.phyginet.fr\/wp-content\/uploads\/2025\/06\/1723034324156-1024x768.jpg\" class=\"attachment-large size-large wp-image-573\" alt=\"\" srcset=\"https:\/\/www.phyginet.fr\/wp-content\/uploads\/2025\/06\/1723034324156-1024x768.jpg 1024w, https:\/\/www.phyginet.fr\/wp-content\/uploads\/2025\/06\/1723034324156-300x225.jpg 300w, https:\/\/www.phyginet.fr\/wp-content\/uploads\/2025\/06\/1723034324156-768x576.jpg 768w, https:\/\/www.phyginet.fr\/wp-content\/uploads\/2025\/06\/1723034324156-1536x1152.jpg 1536w, https:\/\/www.phyginet.fr\/wp-content\/uploads\/2025\/06\/1723034324156.jpg 2048w\" sizes=\"(max-width: 1024px) 100vw, 1024px\" \/>\t\t\t\t\t\t\t\t\t\t\t\t\t\t\t<\/div>\n\t\t\t\t<\/div>\n\t\t\t\t<div class=\"elementor-element elementor-element-0ec1df8 elementor-hidden-mobile elementor-widget elementor-widget-image\" data-id=\"0ec1df8\" data-element_type=\"widget\" data-e-type=\"widget\" data-widget_type=\"image.default\">\n\t\t\t\t<div class=\"elementor-widget-container\">\n\t\t\t\t\t\t\t\t\t\t\t\t\t\t\t<img decoding=\"async\" width=\"1024\" height=\"1024\" src=\"https:\/\/www.phyginet.fr\/wp-content\/uploads\/2025\/06\/Design-sans-titre.png\" class=\"attachment-large size-large wp-image-575\" alt=\"\" srcset=\"https:\/\/www.phyginet.fr\/wp-content\/uploads\/2025\/06\/Design-sans-titre.png 1024w, https:\/\/www.phyginet.fr\/wp-content\/uploads\/2025\/06\/Design-sans-titre-300x300.png 300w, https:\/\/www.phyginet.fr\/wp-content\/uploads\/2025\/06\/Design-sans-titre-150x150.png 150w, https:\/\/www.phyginet.fr\/wp-content\/uploads\/2025\/06\/Design-sans-titre-768x768.png 768w\" sizes=\"(max-width: 1024px) 100vw, 1024px\" \/>\t\t\t\t\t\t\t\t\t\t\t\t\t\t\t<\/div>\n\t\t\t\t<\/div>\n\t\t\t\t<div class=\"elementor-element elementor-element-92fdd85 elementor-hidden-mobile elementor-widget elementor-widget-image\" data-id=\"92fdd85\" data-element_type=\"widget\" data-e-type=\"widget\" data-widget_type=\"image.default\">\n\t\t\t\t<div class=\"elementor-widget-container\">\n\t\t\t\t\t\t\t\t\t\t\t\t\t\t\t<img loading=\"lazy\" decoding=\"async\" width=\"683\" height=\"1024\" src=\"https:\/\/www.phyginet.fr\/wp-content\/uploads\/2025\/06\/ChatGPT-Image-8-juin-2025-17_35_52-683x1024.png\" class=\"attachment-large size-large wp-image-605\" alt=\"\" srcset=\"https:\/\/www.phyginet.fr\/wp-content\/uploads\/2025\/06\/ChatGPT-Image-8-juin-2025-17_35_52-683x1024.png 683w, https:\/\/www.phyginet.fr\/wp-content\/uploads\/2025\/06\/ChatGPT-Image-8-juin-2025-17_35_52-768x1152.png 768w\" sizes=\"(max-width: 683px) 100vw, 683px\" \/>\t\t\t\t\t\t\t\t\t\t\t\t\t\t\t<\/div>\n\t\t\t\t<\/div>\n\t\t\t\t<div class=\"elementor-element elementor-element-a282cef elementor-hidden-mobile elementor-widget elementor-widget-image\" data-id=\"a282cef\" data-element_type=\"widget\" data-e-type=\"widget\" data-widget_type=\"image.default\">\n\t\t\t\t<div class=\"elementor-widget-container\">\n\t\t\t\t\t\t\t\t\t\t\t\t\t\t\t<img loading=\"lazy\" decoding=\"async\" width=\"640\" height=\"480\" src=\"https:\/\/www.phyginet.fr\/wp-content\/uploads\/2025\/06\/videoframe_175750.png\" class=\"attachment-large size-large wp-image-613\" alt=\"\" srcset=\"https:\/\/www.phyginet.fr\/wp-content\/uploads\/2025\/06\/videoframe_175750.png 640w, https:\/\/www.phyginet.fr\/wp-content\/uploads\/2025\/06\/videoframe_175750-300x225.png 300w\" sizes=\"(max-width: 640px) 100vw, 640px\" \/>\t\t\t\t\t\t\t\t\t\t\t\t\t\t\t<\/div>\n\t\t\t\t<\/div>\n\t\t\t\t\t<\/div>\n\t\t\t\t<\/div>\n\t\t<div class=\"elementor-element elementor-element-caa54b0 e-flex e-con-boxed e-con e-parent\" data-id=\"caa54b0\" data-element_type=\"container\" data-e-type=\"container\">\n\t\t\t\t\t<div class=\"e-con-inner\">\n\t\t\t\t<div class=\"elementor-element elementor-element-b824b92 elementor-button-info elementor-widget elementor-widget-button\" data-id=\"b824b92\" data-element_type=\"widget\" data-e-type=\"widget\" data-widget_type=\"button.default\">\n\t\t\t\t<div class=\"elementor-widget-container\">\n\t\t\t\t\t\t\t\t\t<div class=\"elementor-button-wrapper\">\n\t\t\t\t\t<a class=\"elementor-button elementor-button-link elementor-size-sm\" href=\"https:\/\/www.phyginet.fr\/index.php\/nos-services\/\">\n\t\t\t\t\t\t<span class=\"elementor-button-content-wrapper\">\n\t\t\t\t\t\t\t\t\t<span class=\"elementor-button-text\">Nos services en d\u00e9tail<\/span>\n\t\t\t\t\t<\/span>\n\t\t\t\t\t<\/a>\n\t\t\t\t<\/div>\n\t\t\t\t\t\t\t\t<\/div>\n\t\t\t\t<\/div>\n\t\t\t\t\t<\/div>\n\t\t\t\t<\/div>\n\t\t\t\t<\/div>\n\t\t","protected":false},"excerpt":{"rendered":"<p>PHYGINET, votre partenaire en hygi\u00e8ne, propret\u00e9 &amp; services associ\u00e9s en Gironde Voir nos services Devis Votre satisfaction, Notre priorit\u00e9 ! [&hellip;]<\/p>\n","protected":false},"author":1,"featured_media":0,"parent":0,"menu_order":0,"comment_status":"closed","ping_status":"closed","template":"","meta":{"site-sidebar-layout":"default","site-content-layout":"","ast-site-content-layout":"","site-content-style":"default","site-sidebar-style":"default","ast-global-header-display":"","ast-banner-title-visibility":"","ast-main-header-display":"","ast-hfb-above-header-display":"","ast-hfb-below-header-display":"","ast-hfb-mobile-header-display":"","site-post-title":"disabled","ast-breadcrumbs-content":"","ast-featured-img":"","footer-sml-layout":"","theme-transparent-header-meta":"","adv-header-id-meta":"","stick-header-meta":"","header-above-stick-meta":"","header-main-stick-meta":"","header-below-stick-meta":"","astra-migrate-meta-layouts":"default","ast-page-background-enabled":"default","ast-page-background-meta":{"desktop":{"background-color":"var(--ast-global-color-5)","background-image":"","background-repeat":"repeat","background-position":"center center","background-size":"auto","background-attachment":"scroll","background-type":"","background-media":"","overlay-type":"","overlay-color":"","overlay-opacity":"","overlay-gradient":""},"tablet":{"background-color":"","background-image":"","background-repeat":"repeat","background-position":"center center","background-size":"auto","background-attachment":"scroll","background-type":"","background-media":"","overlay-type":"","overlay-color":"","overlay-opacity":"","overlay-gradient":""},"mobile":{"background-color":"","background-image":"","background-repeat":"repeat","background-position":"center center","background-size":"auto","background-attachment":"scroll","background-type":"","background-media":"","overlay-type":"","overlay-color":"","overlay-opacity":"","overlay-gradient":""}},"ast-content-background-meta":{"desktop":{"background-color":"var(--ast-global-color-4)","background-image":"","background-repeat":"repeat","background-position":"center center","background-size":"auto","background-attachment":"scroll","background-type":"","background-media":"","overlay-type":"","overlay-color":"","overlay-opacity":"","overlay-gradient":""},"tablet":{"background-color":"var(--ast-global-color-4)","background-image":"","background-repeat":"repeat","background-position":"center center","background-size":"auto","background-attachment":"scroll","background-type":"","background-media":"","overlay-type":"","overlay-color":"","overlay-opacity":"","overlay-gradient":""},"mobile":{"background-color":"var(--ast-global-color-4)","background-image":"","background-repeat":"repeat","background-position":"center center","background-size":"auto","background-attachment":"scroll","background-type":"","background-media":"","overlay-type":"","overlay-color":"","overlay-opacity":"","overlay-gradient":""}},"footnotes":""},"class_list":["post-14","page","type-page","status-publish","hentry"],"yoast_head":"<!-- This site is optimized with the Yoast SEO plugin v27.3 - https:\/\/yoast.com\/product\/yoast-seo-wordpress\/ -->\n<title>Nettoyage Bordeaux - Gironde<\/title>\n<meta name=\"description\" content=\"Nettoyage de copropri\u00e9t\u00e9s, bureaux, commerces et nettoyage sp\u00e9cifique comme bardages, vitrerie, moquettes ... PHYGINET r\u00e9pond \u00e0 votre besoin.\" \/>\n<meta name=\"robots\" content=\"index, follow, max-snippet:-1, max-image-preview:large, max-video-preview:-1\" \/>\n<link rel=\"canonical\" href=\"https:\/\/www.phyginet.fr\/\" \/>\n<meta property=\"og:locale\" content=\"fr_FR\" \/>\n<meta property=\"og:type\" content=\"article\" \/>\n<meta property=\"og:title\" content=\"Nettoyage Bordeaux - Gironde\" \/>\n<meta property=\"og:description\" content=\"Nettoyage de copropri\u00e9t\u00e9s, bureaux, commerces et nettoyage sp\u00e9cifique comme bardages, vitrerie, moquettes ... PHYGINET r\u00e9pond \u00e0 votre besoin.\" \/>\n<meta property=\"og:url\" content=\"https:\/\/www.phyginet.fr\/\" \/>\n<meta property=\"og:site_name\" content=\"PHYGINET\" \/>\n<meta property=\"article:modified_time\" content=\"2025-06-10T07:11:40+00:00\" \/>\n<meta property=\"og:image\" content=\"https:\/\/www.phyginet.fr\/wp-content\/uploads\/2025\/06\/bureau-nettoyage-personne-service-nettoyage-professionnel_23-2150520627.jpg\" \/>\n\t<meta property=\"og:image:width\" content=\"1380\" \/>\n\t<meta property=\"og:image:height\" content=\"920\" \/>\n\t<meta property=\"og:image:type\" content=\"image\/jpeg\" \/>\n<meta name=\"twitter:card\" content=\"summary_large_image\" \/>\n<meta name=\"twitter:label1\" content=\"Dur\u00e9e de lecture estim\u00e9e\" \/>\n\t<meta name=\"twitter:data1\" content=\"2 minutes\" \/>\n<script type=\"application\/ld+json\" class=\"yoast-schema-graph\">{\"@context\":\"https:\\\/\\\/schema.org\",\"@graph\":[{\"@type\":\"WebPage\",\"@id\":\"https:\\\/\\\/www.phyginet.fr\\\/\",\"url\":\"https:\\\/\\\/www.phyginet.fr\\\/\",\"name\":\"Nettoyage Bordeaux - Gironde\",\"isPartOf\":{\"@id\":\"https:\\\/\\\/www.phyginet.fr\\\/#website\"},\"primaryImageOfPage\":{\"@id\":\"https:\\\/\\\/www.phyginet.fr\\\/#primaryimage\"},\"image\":{\"@id\":\"https:\\\/\\\/www.phyginet.fr\\\/#primaryimage\"},\"thumbnailUrl\":\"https:\\\/\\\/www.phyginet.fr\\\/wp-content\\\/uploads\\\/2025\\\/06\\\/bureau-nettoyage-personne-service-nettoyage-professionnel_23-2150520627-1024x683.jpg\",\"datePublished\":\"2025-04-28T08:30:52+00:00\",\"dateModified\":\"2025-06-10T07:11:40+00:00\",\"description\":\"Nettoyage de copropri\u00e9t\u00e9s, bureaux, commerces et nettoyage sp\u00e9cifique comme bardages, vitrerie, moquettes ... PHYGINET r\u00e9pond \u00e0 votre besoin.\",\"breadcrumb\":{\"@id\":\"https:\\\/\\\/www.phyginet.fr\\\/#breadcrumb\"},\"inLanguage\":\"fr-FR\",\"potentialAction\":[{\"@type\":\"ReadAction\",\"target\":[\"https:\\\/\\\/www.phyginet.fr\\\/\"]}]},{\"@type\":\"ImageObject\",\"inLanguage\":\"fr-FR\",\"@id\":\"https:\\\/\\\/www.phyginet.fr\\\/#primaryimage\",\"url\":\"https:\\\/\\\/www.phyginet.fr\\\/wp-content\\\/uploads\\\/2025\\\/06\\\/bureau-nettoyage-personne-service-nettoyage-professionnel_23-2150520627.jpg\",\"contentUrl\":\"https:\\\/\\\/www.phyginet.fr\\\/wp-content\\\/uploads\\\/2025\\\/06\\\/bureau-nettoyage-personne-service-nettoyage-professionnel_23-2150520627.jpg\",\"width\":1380,\"height\":920},{\"@type\":\"BreadcrumbList\",\"@id\":\"https:\\\/\\\/www.phyginet.fr\\\/#breadcrumb\",\"itemListElement\":[{\"@type\":\"ListItem\",\"position\":1,\"name\":\"Accueil\",\"item\":\"https:\\\/\\\/www.phyginet.fr\\\/\"},{\"@type\":\"ListItem\",\"position\":2,\"name\":\"Accueil\"}]},{\"@type\":\"WebSite\",\"@id\":\"https:\\\/\\\/www.phyginet.fr\\\/#website\",\"url\":\"https:\\\/\\\/www.phyginet.fr\\\/\",\"name\":\"PHYGINET\",\"description\":\"Entre vous et nous, c&#039;est net !\",\"publisher\":{\"@id\":\"https:\\\/\\\/www.phyginet.fr\\\/#organization\"},\"potentialAction\":[{\"@type\":\"SearchAction\",\"target\":{\"@type\":\"EntryPoint\",\"urlTemplate\":\"https:\\\/\\\/www.phyginet.fr\\\/?s={search_term_string}\"},\"query-input\":{\"@type\":\"PropertyValueSpecification\",\"valueRequired\":true,\"valueName\":\"search_term_string\"}}],\"inLanguage\":\"fr-FR\"},{\"@type\":\"Organization\",\"@id\":\"https:\\\/\\\/www.phyginet.fr\\\/#organization\",\"name\":\"PHYGINET\",\"url\":\"https:\\\/\\\/www.phyginet.fr\\\/\",\"logo\":{\"@type\":\"ImageObject\",\"inLanguage\":\"fr-FR\",\"@id\":\"https:\\\/\\\/www.phyginet.fr\\\/#\\\/schema\\\/logo\\\/image\\\/\",\"url\":\"https:\\\/\\\/www.phyginet.fr\\\/wp-content\\\/uploads\\\/2025\\\/05\\\/cropped-cropped-Logo-Horizontal-1-scaled-e1747232680916-1.png\",\"contentUrl\":\"https:\\\/\\\/www.phyginet.fr\\\/wp-content\\\/uploads\\\/2025\\\/05\\\/cropped-cropped-Logo-Horizontal-1-scaled-e1747232680916-1.png\",\"width\":270,\"height\":110,\"caption\":\"PHYGINET\"},\"image\":{\"@id\":\"https:\\\/\\\/www.phyginet.fr\\\/#\\\/schema\\\/logo\\\/image\\\/\"}}]}<\/script>\n<!-- \/ Yoast SEO plugin. -->","yoast_head_json":{"title":"Nettoyage Bordeaux - Gironde","description":"Nettoyage de copropri\u00e9t\u00e9s, bureaux, commerces et nettoyage sp\u00e9cifique comme bardages, vitrerie, moquettes ... PHYGINET r\u00e9pond \u00e0 votre besoin.","robots":{"index":"index","follow":"follow","max-snippet":"max-snippet:-1","max-image-preview":"max-image-preview:large","max-video-preview":"max-video-preview:-1"},"canonical":"https:\/\/www.phyginet.fr\/","og_locale":"fr_FR","og_type":"article","og_title":"Nettoyage Bordeaux - Gironde","og_description":"Nettoyage de copropri\u00e9t\u00e9s, bureaux, commerces et nettoyage sp\u00e9cifique comme bardages, vitrerie, moquettes ... PHYGINET r\u00e9pond \u00e0 votre besoin.","og_url":"https:\/\/www.phyginet.fr\/","og_site_name":"PHYGINET","article_modified_time":"2025-06-10T07:11:40+00:00","og_image":[{"width":1380,"height":920,"url":"https:\/\/www.phyginet.fr\/wp-content\/uploads\/2025\/06\/bureau-nettoyage-personne-service-nettoyage-professionnel_23-2150520627.jpg","type":"image\/jpeg"}],"twitter_card":"summary_large_image","twitter_misc":{"Dur\u00e9e de lecture estim\u00e9e":"2 minutes"},"schema":{"@context":"https:\/\/schema.org","@graph":[{"@type":"WebPage","@id":"https:\/\/www.phyginet.fr\/","url":"https:\/\/www.phyginet.fr\/","name":"Nettoyage Bordeaux - Gironde","isPartOf":{"@id":"https:\/\/www.phyginet.fr\/#website"},"primaryImageOfPage":{"@id":"https:\/\/www.phyginet.fr\/#primaryimage"},"image":{"@id":"https:\/\/www.phyginet.fr\/#primaryimage"},"thumbnailUrl":"https:\/\/www.phyginet.fr\/wp-content\/uploads\/2025\/06\/bureau-nettoyage-personne-service-nettoyage-professionnel_23-2150520627-1024x683.jpg","datePublished":"2025-04-28T08:30:52+00:00","dateModified":"2025-06-10T07:11:40+00:00","description":"Nettoyage de copropri\u00e9t\u00e9s, bureaux, commerces et nettoyage sp\u00e9cifique comme bardages, vitrerie, moquettes ... PHYGINET r\u00e9pond \u00e0 votre besoin.","breadcrumb":{"@id":"https:\/\/www.phyginet.fr\/#breadcrumb"},"inLanguage":"fr-FR","potentialAction":[{"@type":"ReadAction","target":["https:\/\/www.phyginet.fr\/"]}]},{"@type":"ImageObject","inLanguage":"fr-FR","@id":"https:\/\/www.phyginet.fr\/#primaryimage","url":"https:\/\/www.phyginet.fr\/wp-content\/uploads\/2025\/06\/bureau-nettoyage-personne-service-nettoyage-professionnel_23-2150520627.jpg","contentUrl":"https:\/\/www.phyginet.fr\/wp-content\/uploads\/2025\/06\/bureau-nettoyage-personne-service-nettoyage-professionnel_23-2150520627.jpg","width":1380,"height":920},{"@type":"BreadcrumbList","@id":"https:\/\/www.phyginet.fr\/#breadcrumb","itemListElement":[{"@type":"ListItem","position":1,"name":"Accueil","item":"https:\/\/www.phyginet.fr\/"},{"@type":"ListItem","position":2,"name":"Accueil"}]},{"@type":"WebSite","@id":"https:\/\/www.phyginet.fr\/#website","url":"https:\/\/www.phyginet.fr\/","name":"PHYGINET","description":"Entre vous et nous, c&#039;est net !","publisher":{"@id":"https:\/\/www.phyginet.fr\/#organization"},"potentialAction":[{"@type":"SearchAction","target":{"@type":"EntryPoint","urlTemplate":"https:\/\/www.phyginet.fr\/?s={search_term_string}"},"query-input":{"@type":"PropertyValueSpecification","valueRequired":true,"valueName":"search_term_string"}}],"inLanguage":"fr-FR"},{"@type":"Organization","@id":"https:\/\/www.phyginet.fr\/#organization","name":"PHYGINET","url":"https:\/\/www.phyginet.fr\/","logo":{"@type":"ImageObject","inLanguage":"fr-FR","@id":"https:\/\/www.phyginet.fr\/#\/schema\/logo\/image\/","url":"https:\/\/www.phyginet.fr\/wp-content\/uploads\/2025\/05\/cropped-cropped-Logo-Horizontal-1-scaled-e1747232680916-1.png","contentUrl":"https:\/\/www.phyginet.fr\/wp-content\/uploads\/2025\/05\/cropped-cropped-Logo-Horizontal-1-scaled-e1747232680916-1.png","width":270,"height":110,"caption":"PHYGINET"},"image":{"@id":"https:\/\/www.phyginet.fr\/#\/schema\/logo\/image\/"}}]}},"_links":{"self":[{"href":"https:\/\/www.phyginet.fr\/index.php\/wp-json\/wp\/v2\/pages\/14","targetHints":{"allow":["GET"]}}],"collection":[{"href":"https:\/\/www.phyginet.fr\/index.php\/wp-json\/wp\/v2\/pages"}],"about":[{"href":"https:\/\/www.phyginet.fr\/index.php\/wp-json\/wp\/v2\/types\/page"}],"author":[{"embeddable":true,"href":"https:\/\/www.phyginet.fr\/index.php\/wp-json\/wp\/v2\/users\/1"}],"replies":[{"embeddable":true,"href":"https:\/\/www.phyginet.fr\/index.php\/wp-json\/wp\/v2\/comments?post=14"}],"version-history":[{"count":262,"href":"https:\/\/www.phyginet.fr\/index.php\/wp-json\/wp\/v2\/pages\/14\/revisions"}],"predecessor-version":[{"id":634,"href":"https:\/\/www.phyginet.fr\/index.php\/wp-json\/wp\/v2\/pages\/14\/revisions\/634"}],"wp:attachment":[{"href":"https:\/\/www.phyginet.fr\/index.php\/wp-json\/wp\/v2\/media?parent=14"}],"curies":[{"name":"wp","href":"https:\/\/api.w.org\/{rel}","templated":true}]}}