{"id":16,"date":"2025-04-28T10:33:10","date_gmt":"2025-04-28T08:33:10","guid":{"rendered":"http:\/\/phyginp.cluster100.hosting.ovh.net\/?page_id=16"},"modified":"2025-05-15T14:05:42","modified_gmt":"2025-05-15T12:05:42","slug":"nos-services","status":"publish","type":"page","link":"https:\/\/www.phyginet.fr\/index.php\/nos-services\/","title":{"rendered":"Nos services"},"content":{"rendered":"\n<h2 class=\"wp-block-heading\">Les services de PHYGINET<\/h2>\n\n\n\n<p><strong>Du nettoyage mais pas que &#8230; Parce que votre satisfaction reste notre priorit\u00e9, nous nous effor\u00e7ons de vous proposer le meilleur.<\/strong><\/p>\n\n\n\n<ul class=\"wp-block-list\">\n<li class=\"has-medium-font-size\">Nettoyage de copropri\u00e9t\u00e9s<\/li>\n\n\n\n<li class=\"has-medium-font-size\">Nettoyage de commerces<\/li>\n\n\n\n<li class=\"has-medium-font-size\">Nettoyages de locaux tertiaires<\/li>\n\n\n\n<li class=\"has-medium-font-size\">Nettoyage inter-locations<\/li>\n\n\n\n<li class=\"has-medium-font-size\">Nettoyage de fin de chantier<\/li>\n\n\n\n<li class=\"has-medium-font-size\">Nettoyage de bardages et fa\u00e7ades dont m\u00e9thode \u00e0 l&rsquo;eau pure et application d&rsquo;hydrofuge (Nous intervenons avec Nacelle si n\u00e9cessaire)<\/li>\n\n\n\n<li class=\"has-medium-font-size\">Nettoyage de terrases toute mati\u00e8re (Pour les terrasses bois nous proposons \u00e9galement l&rsquo;application de saturateur)<\/li>\n\n\n\n<li class=\"has-medium-font-size\">Nettoyage de moquettes<\/li>\n\n\n\n<li class=\"has-medium-font-size\">D\u00e9moussage de toitures<\/li>\n\n\n\n<li class=\"has-medium-font-size\">Retrait d&rsquo;encombrants<\/li>\n\n\n\n<li class=\"has-medium-font-size\">Travaux d&rsquo;espaces verts <\/li>\n\n\n\n<li class=\"has-medium-font-size\">Multiservices : changement de joint (douche, cuisine&#8230;), ampoules, d\u00e9tecteurs de fum\u00e9e, retouche de peinture, petites r\u00e9parations&#8230; Vous nous exposez votre besoin et nous nous engageons \u00e0 vous donner une r\u00e9ponse rapide. (<em>si nous n&rsquo;avons pas les comp\u00e9tences nous ne vous ferons pas attendre)<\/em><\/li>\n<\/ul>\n\n\n\n<p><strong>Cette page aussi est en construction. Plus de d\u00e9tail bient\u00f4t. <\/strong><\/p>\n","protected":false},"excerpt":{"rendered":"<p>Les services de PHYGINET Du nettoyage mais pas que &#8230; Parce que votre satisfaction reste notre priorit\u00e9, nous nous effor\u00e7ons [&hellip;]<\/p>\n","protected":false},"author":1,"featured_media":0,"parent":0,"menu_order":0,"comment_status":"closed","ping_status":"closed","template":"","meta":{"site-sidebar-layout":"default","site-content-layout":"","ast-site-content-layout":"","site-content-style":"default","site-sidebar-style":"default","ast-global-header-display":"","ast-banner-title-visibility":"","ast-main-header-display":"","ast-hfb-above-header-display":"","ast-hfb-below-header-display":"","ast-hfb-mobile-header-display":"","site-post-title":"disabled","ast-breadcrumbs-content":"","ast-featured-img":"","footer-sml-layout":"","theme-transparent-header-meta":"","adv-header-id-meta":"","stick-header-meta":"","header-above-stick-meta":"","header-main-stick-meta":"","header-below-stick-meta":"","astra-migrate-meta-layouts":"default","ast-page-background-enabled":"default","ast-page-background-meta":{"desktop":{"background-color":"var(--ast-global-color-5)","background-image":"","background-repeat":"repeat","background-position":"center center","background-size":"auto","background-attachment":"scroll","background-type":"","background-media":"","overlay-type":"","overlay-color":"","overlay-opacity":"","overlay-gradient":""},"tablet":{"background-color":"","background-image":"","background-repeat":"repeat","background-position":"center center","background-size":"auto","background-attachment":"scroll","background-type":"","background-media":"","overlay-type":"","overlay-color":"","overlay-opacity":"","overlay-gradient":""},"mobile":{"background-color":"","background-image":"","background-repeat":"repeat","background-position":"center center","background-size":"auto","background-attachment":"scroll","background-type":"","background-media":"","overlay-type":"","overlay-color":"","overlay-opacity":"","overlay-gradient":""}},"ast-content-background-meta":{"desktop":{"background-color":"var(--ast-global-color-4)","background-image":"","background-repeat":"repeat","background-position":"center center","background-size":"auto","background-attachment":"scroll","background-type":"","background-media":"","overlay-type":"","overlay-color":"","overlay-opacity":"","overlay-gradient":""},"tablet":{"background-color":"var(--ast-global-color-4)","background-image":"","background-repeat":"repeat","background-position":"center center","background-size":"auto","background-attachment":"scroll","background-type":"","background-media":"","overlay-type":"","overlay-color":"","overlay-opacity":"","overlay-gradient":""},"mobile":{"background-color":"var(--ast-global-color-4)","background-image":"","background-repeat":"repeat","background-position":"center center","background-size":"auto","background-attachment":"scroll","background-type":"","background-media":"","overlay-type":"","overlay-color":"","overlay-opacity":"","overlay-gradient":""}},"footnotes":""},"class_list":["post-16","page","type-page","status-publish","hentry"],"yoast_head":"<!-- This site is optimized with the Yoast SEO plugin v27.3 - https:\/\/yoast.com\/product\/yoast-seo-wordpress\/ -->\n<title>Nos services - PHYGINET<\/title>\n<meta name=\"robots\" content=\"index, follow, max-snippet:-1, max-image-preview:large, max-video-preview:-1\" \/>\n<link rel=\"canonical\" href=\"https:\/\/www.phyginet.fr\/index.php\/nos-services\/\" \/>\n<meta property=\"og:locale\" content=\"fr_FR\" \/>\n<meta property=\"og:type\" content=\"article\" \/>\n<meta property=\"og:title\" content=\"Nos services - PHYGINET\" \/>\n<meta property=\"og:description\" content=\"Les services de PHYGINET Du nettoyage mais pas que &#8230; Parce que votre satisfaction reste notre priorit\u00e9, nous nous effor\u00e7ons [&hellip;]\" \/>\n<meta property=\"og:url\" content=\"https:\/\/www.phyginet.fr\/index.php\/nos-services\/\" \/>\n<meta property=\"og:site_name\" content=\"PHYGINET\" \/>\n<meta property=\"article:modified_time\" content=\"2025-05-15T12:05:42+00:00\" \/>\n<meta name=\"twitter:card\" content=\"summary_large_image\" \/>\n<meta name=\"twitter:label1\" content=\"Dur\u00e9e de lecture estim\u00e9e\" \/>\n\t<meta name=\"twitter:data1\" content=\"1 minute\" \/>\n<script type=\"application\/ld+json\" class=\"yoast-schema-graph\">{\"@context\":\"https:\\\/\\\/schema.org\",\"@graph\":[{\"@type\":\"WebPage\",\"@id\":\"https:\\\/\\\/www.phyginet.fr\\\/index.php\\\/nos-services\\\/\",\"url\":\"https:\\\/\\\/www.phyginet.fr\\\/index.php\\\/nos-services\\\/\",\"name\":\"Nos services - PHYGINET\",\"isPartOf\":{\"@id\":\"https:\\\/\\\/www.phyginet.fr\\\/#website\"},\"datePublished\":\"2025-04-28T08:33:10+00:00\",\"dateModified\":\"2025-05-15T12:05:42+00:00\",\"breadcrumb\":{\"@id\":\"https:\\\/\\\/www.phyginet.fr\\\/index.php\\\/nos-services\\\/#breadcrumb\"},\"inLanguage\":\"fr-FR\",\"potentialAction\":[{\"@type\":\"ReadAction\",\"target\":[\"https:\\\/\\\/www.phyginet.fr\\\/index.php\\\/nos-services\\\/\"]}]},{\"@type\":\"BreadcrumbList\",\"@id\":\"https:\\\/\\\/www.phyginet.fr\\\/index.php\\\/nos-services\\\/#breadcrumb\",\"itemListElement\":[{\"@type\":\"ListItem\",\"position\":1,\"name\":\"Accueil\",\"item\":\"https:\\\/\\\/www.phyginet.fr\\\/\"},{\"@type\":\"ListItem\",\"position\":2,\"name\":\"Nos services\"}]},{\"@type\":\"WebSite\",\"@id\":\"https:\\\/\\\/www.phyginet.fr\\\/#website\",\"url\":\"https:\\\/\\\/www.phyginet.fr\\\/\",\"name\":\"PHYGINET\",\"description\":\"Entre vous et nous, c&#039;est net !\",\"publisher\":{\"@id\":\"https:\\\/\\\/www.phyginet.fr\\\/#organization\"},\"potentialAction\":[{\"@type\":\"SearchAction\",\"target\":{\"@type\":\"EntryPoint\",\"urlTemplate\":\"https:\\\/\\\/www.phyginet.fr\\\/?s={search_term_string}\"},\"query-input\":{\"@type\":\"PropertyValueSpecification\",\"valueRequired\":true,\"valueName\":\"search_term_string\"}}],\"inLanguage\":\"fr-FR\"},{\"@type\":\"Organization\",\"@id\":\"https:\\\/\\\/www.phyginet.fr\\\/#organization\",\"name\":\"PHYGINET\",\"url\":\"https:\\\/\\\/www.phyginet.fr\\\/\",\"logo\":{\"@type\":\"ImageObject\",\"inLanguage\":\"fr-FR\",\"@id\":\"https:\\\/\\\/www.phyginet.fr\\\/#\\\/schema\\\/logo\\\/image\\\/\",\"url\":\"https:\\\/\\\/www.phyginet.fr\\\/wp-content\\\/uploads\\\/2025\\\/05\\\/cropped-cropped-Logo-Horizontal-1-scaled-e1747232680916-1.png\",\"contentUrl\":\"https:\\\/\\\/www.phyginet.fr\\\/wp-content\\\/uploads\\\/2025\\\/05\\\/cropped-cropped-Logo-Horizontal-1-scaled-e1747232680916-1.png\",\"width\":270,\"height\":110,\"caption\":\"PHYGINET\"},\"image\":{\"@id\":\"https:\\\/\\\/www.phyginet.fr\\\/#\\\/schema\\\/logo\\\/image\\\/\"}}]}<\/script>\n<!-- \/ Yoast SEO plugin. -->","yoast_head_json":{"title":"Nos services - PHYGINET","robots":{"index":"index","follow":"follow","max-snippet":"max-snippet:-1","max-image-preview":"max-image-preview:large","max-video-preview":"max-video-preview:-1"},"canonical":"https:\/\/www.phyginet.fr\/index.php\/nos-services\/","og_locale":"fr_FR","og_type":"article","og_title":"Nos services - PHYGINET","og_description":"Les services de PHYGINET Du nettoyage mais pas que &#8230; Parce que votre satisfaction reste notre priorit\u00e9, nous nous effor\u00e7ons [&hellip;]","og_url":"https:\/\/www.phyginet.fr\/index.php\/nos-services\/","og_site_name":"PHYGINET","article_modified_time":"2025-05-15T12:05:42+00:00","twitter_card":"summary_large_image","twitter_misc":{"Dur\u00e9e de lecture estim\u00e9e":"1 minute"},"schema":{"@context":"https:\/\/schema.org","@graph":[{"@type":"WebPage","@id":"https:\/\/www.phyginet.fr\/index.php\/nos-services\/","url":"https:\/\/www.phyginet.fr\/index.php\/nos-services\/","name":"Nos services - PHYGINET","isPartOf":{"@id":"https:\/\/www.phyginet.fr\/#website"},"datePublished":"2025-04-28T08:33:10+00:00","dateModified":"2025-05-15T12:05:42+00:00","breadcrumb":{"@id":"https:\/\/www.phyginet.fr\/index.php\/nos-services\/#breadcrumb"},"inLanguage":"fr-FR","potentialAction":[{"@type":"ReadAction","target":["https:\/\/www.phyginet.fr\/index.php\/nos-services\/"]}]},{"@type":"BreadcrumbList","@id":"https:\/\/www.phyginet.fr\/index.php\/nos-services\/#breadcrumb","itemListElement":[{"@type":"ListItem","position":1,"name":"Accueil","item":"https:\/\/www.phyginet.fr\/"},{"@type":"ListItem","position":2,"name":"Nos services"}]},{"@type":"WebSite","@id":"https:\/\/www.phyginet.fr\/#website","url":"https:\/\/www.phyginet.fr\/","name":"PHYGINET","description":"Entre vous et nous, c&#039;est net !","publisher":{"@id":"https:\/\/www.phyginet.fr\/#organization"},"potentialAction":[{"@type":"SearchAction","target":{"@type":"EntryPoint","urlTemplate":"https:\/\/www.phyginet.fr\/?s={search_term_string}"},"query-input":{"@type":"PropertyValueSpecification","valueRequired":true,"valueName":"search_term_string"}}],"inLanguage":"fr-FR"},{"@type":"Organization","@id":"https:\/\/www.phyginet.fr\/#organization","name":"PHYGINET","url":"https:\/\/www.phyginet.fr\/","logo":{"@type":"ImageObject","inLanguage":"fr-FR","@id":"https:\/\/www.phyginet.fr\/#\/schema\/logo\/image\/","url":"https:\/\/www.phyginet.fr\/wp-content\/uploads\/2025\/05\/cropped-cropped-Logo-Horizontal-1-scaled-e1747232680916-1.png","contentUrl":"https:\/\/www.phyginet.fr\/wp-content\/uploads\/2025\/05\/cropped-cropped-Logo-Horizontal-1-scaled-e1747232680916-1.png","width":270,"height":110,"caption":"PHYGINET"},"image":{"@id":"https:\/\/www.phyginet.fr\/#\/schema\/logo\/image\/"}}]}},"_links":{"self":[{"href":"https:\/\/www.phyginet.fr\/index.php\/wp-json\/wp\/v2\/pages\/16","targetHints":{"allow":["GET"]}}],"collection":[{"href":"https:\/\/www.phyginet.fr\/index.php\/wp-json\/wp\/v2\/pages"}],"about":[{"href":"https:\/\/www.phyginet.fr\/index.php\/wp-json\/wp\/v2\/types\/page"}],"author":[{"embeddable":true,"href":"https:\/\/www.phyginet.fr\/index.php\/wp-json\/wp\/v2\/users\/1"}],"replies":[{"embeddable":true,"href":"https:\/\/www.phyginet.fr\/index.php\/wp-json\/wp\/v2\/comments?post=16"}],"version-history":[{"count":5,"href":"https:\/\/www.phyginet.fr\/index.php\/wp-json\/wp\/v2\/pages\/16\/revisions"}],"predecessor-version":[{"id":336,"href":"https:\/\/www.phyginet.fr\/index.php\/wp-json\/wp\/v2\/pages\/16\/revisions\/336"}],"wp:attachment":[{"href":"https:\/\/www.phyginet.fr\/index.php\/wp-json\/wp\/v2\/media?parent=16"}],"curies":[{"name":"wp","href":"https:\/\/api.w.org\/{rel}","templated":true}]}}