{"id":18,"date":"2025-04-28T10:32:45","date_gmt":"2025-04-28T08:32:45","guid":{"rendered":"http:\/\/phyginp.cluster100.hosting.ovh.net\/?page_id=18"},"modified":"2025-05-14T18:10:34","modified_gmt":"2025-05-14T16:10:34","slug":"a-propos","status":"publish","type":"page","link":"https:\/\/www.phyginet.fr\/index.php\/a-propos\/","title":{"rendered":"A propos"},"content":{"rendered":"\n<p>Nous vous r\u00e9v\u00e8lerons bient\u00f4t qui nous sommes et pourquoi PHYGINET !<\/p>\n\n\n\n<figure class=\"wp-block-image size-full\"><img fetchpriority=\"high\" decoding=\"async\" width=\"730\" height=\"344\" src=\"http:\/\/phyginp.cluster100.hosting.ovh.net\/wp-content\/uploads\/2025\/05\/site-en-construction-04_clrFFFFFF.png\" alt=\"\" class=\"wp-image-175\" srcset=\"https:\/\/www.phyginet.fr\/wp-content\/uploads\/2025\/05\/site-en-construction-04_clrFFFFFF.png 730w, https:\/\/www.phyginet.fr\/wp-content\/uploads\/2025\/05\/site-en-construction-04_clrFFFFFF-300x141.png 300w\" sizes=\"(max-width: 730px) 100vw, 730px\" \/><\/figure>\n","protected":false},"excerpt":{"rendered":"<p>Nous vous r\u00e9v\u00e8lerons bient\u00f4t qui nous sommes et pourquoi PHYGINET !<\/p>\n","protected":false},"author":1,"featured_media":0,"parent":0,"menu_order":0,"comment_status":"closed","ping_status":"closed","template":"","meta":{"site-sidebar-layout":"default","site-content-layout":"","ast-site-content-layout":"","site-content-style":"default","site-sidebar-style":"default","ast-global-header-display":"","ast-banner-title-visibility":"","ast-main-header-display":"","ast-hfb-above-header-display":"","ast-hfb-below-header-display":"","ast-hfb-mobile-header-display":"","site-post-title":"disabled","ast-breadcrumbs-content":"","ast-featured-img":"","footer-sml-layout":"","theme-transparent-header-meta":"","adv-header-id-meta":"","stick-header-meta":"","header-above-stick-meta":"","header-main-stick-meta":"","header-below-stick-meta":"","astra-migrate-meta-layouts":"default","ast-page-background-enabled":"default","ast-page-background-meta":{"desktop":{"background-color":"var(--ast-global-color-5)","background-image":"","background-repeat":"repeat","background-position":"center center","background-size":"auto","background-attachment":"scroll","background-type":"","background-media":"","overlay-type":"","overlay-color":"","overlay-opacity":"","overlay-gradient":""},"tablet":{"background-color":"","background-image":"","background-repeat":"repeat","background-position":"center center","background-size":"auto","background-attachment":"scroll","background-type":"","background-media":"","overlay-type":"","overlay-color":"","overlay-opacity":"","overlay-gradient":""},"mobile":{"background-color":"","background-image":"","background-repeat":"repeat","background-position":"center center","background-size":"auto","background-attachment":"scroll","background-type":"","background-media":"","overlay-type":"","overlay-color":"","overlay-opacity":"","overlay-gradient":""}},"ast-content-background-meta":{"desktop":{"background-color":"var(--ast-global-color-4)","background-image":"","background-repeat":"repeat","background-position":"center center","background-size":"auto","background-attachment":"scroll","background-type":"","background-media":"","overlay-type":"","overlay-color":"","overlay-opacity":"","overlay-gradient":""},"tablet":{"background-color":"var(--ast-global-color-4)","background-image":"","background-repeat":"repeat","background-position":"center center","background-size":"auto","background-attachment":"scroll","background-type":"","background-media":"","overlay-type":"","overlay-color":"","overlay-opacity":"","overlay-gradient":""},"mobile":{"background-color":"var(--ast-global-color-4)","background-image":"","background-repeat":"repeat","background-position":"center center","background-size":"auto","background-attachment":"scroll","background-type":"","background-media":"","overlay-type":"","overlay-color":"","overlay-opacity":"","overlay-gradient":""}},"footnotes":""},"class_list":["post-18","page","type-page","status-publish","hentry"],"yoast_head":"<!-- This site is optimized with the Yoast SEO plugin v27.3 - https:\/\/yoast.com\/product\/yoast-seo-wordpress\/ -->\n<title>A propos - PHYGINET<\/title>\n<meta name=\"robots\" content=\"index, follow, max-snippet:-1, max-image-preview:large, max-video-preview:-1\" \/>\n<link rel=\"canonical\" href=\"https:\/\/www.phyginet.fr\/index.php\/a-propos\/\" \/>\n<meta property=\"og:locale\" content=\"fr_FR\" \/>\n<meta property=\"og:type\" content=\"article\" \/>\n<meta property=\"og:title\" content=\"A propos - PHYGINET\" \/>\n<meta property=\"og:description\" content=\"Nous vous r\u00e9v\u00e8lerons bient\u00f4t qui nous sommes et pourquoi PHYGINET !\" \/>\n<meta property=\"og:url\" content=\"https:\/\/www.phyginet.fr\/index.php\/a-propos\/\" \/>\n<meta property=\"og:site_name\" content=\"PHYGINET\" \/>\n<meta property=\"article:modified_time\" content=\"2025-05-14T16:10:34+00:00\" \/>\n<meta property=\"og:image\" content=\"http:\/\/phyginp.cluster100.hosting.ovh.net\/wp-content\/uploads\/2025\/05\/site-en-construction-04_clrFFFFFF.png\" \/>\n<meta name=\"twitter:card\" content=\"summary_large_image\" \/>\n<meta name=\"twitter:label1\" content=\"Dur\u00e9e de lecture estim\u00e9e\" \/>\n\t<meta name=\"twitter:data1\" content=\"1 minute\" \/>\n<script type=\"application\/ld+json\" class=\"yoast-schema-graph\">{\"@context\":\"https:\\\/\\\/schema.org\",\"@graph\":[{\"@type\":\"WebPage\",\"@id\":\"https:\\\/\\\/www.phyginet.fr\\\/index.php\\\/a-propos\\\/\",\"url\":\"https:\\\/\\\/www.phyginet.fr\\\/index.php\\\/a-propos\\\/\",\"name\":\"A propos - PHYGINET\",\"isPartOf\":{\"@id\":\"https:\\\/\\\/www.phyginet.fr\\\/#website\"},\"primaryImageOfPage\":{\"@id\":\"https:\\\/\\\/www.phyginet.fr\\\/index.php\\\/a-propos\\\/#primaryimage\"},\"image\":{\"@id\":\"https:\\\/\\\/www.phyginet.fr\\\/index.php\\\/a-propos\\\/#primaryimage\"},\"thumbnailUrl\":\"http:\\\/\\\/phyginp.cluster100.hosting.ovh.net\\\/wp-content\\\/uploads\\\/2025\\\/05\\\/site-en-construction-04_clrFFFFFF.png\",\"datePublished\":\"2025-04-28T08:32:45+00:00\",\"dateModified\":\"2025-05-14T16:10:34+00:00\",\"breadcrumb\":{\"@id\":\"https:\\\/\\\/www.phyginet.fr\\\/index.php\\\/a-propos\\\/#breadcrumb\"},\"inLanguage\":\"fr-FR\",\"potentialAction\":[{\"@type\":\"ReadAction\",\"target\":[\"https:\\\/\\\/www.phyginet.fr\\\/index.php\\\/a-propos\\\/\"]}]},{\"@type\":\"ImageObject\",\"inLanguage\":\"fr-FR\",\"@id\":\"https:\\\/\\\/www.phyginet.fr\\\/index.php\\\/a-propos\\\/#primaryimage\",\"url\":\"http:\\\/\\\/phyginp.cluster100.hosting.ovh.net\\\/wp-content\\\/uploads\\\/2025\\\/05\\\/site-en-construction-04_clrFFFFFF.png\",\"contentUrl\":\"http:\\\/\\\/phyginp.cluster100.hosting.ovh.net\\\/wp-content\\\/uploads\\\/2025\\\/05\\\/site-en-construction-04_clrFFFFFF.png\"},{\"@type\":\"BreadcrumbList\",\"@id\":\"https:\\\/\\\/www.phyginet.fr\\\/index.php\\\/a-propos\\\/#breadcrumb\",\"itemListElement\":[{\"@type\":\"ListItem\",\"position\":1,\"name\":\"Accueil\",\"item\":\"https:\\\/\\\/www.phyginet.fr\\\/\"},{\"@type\":\"ListItem\",\"position\":2,\"name\":\"A propos\"}]},{\"@type\":\"WebSite\",\"@id\":\"https:\\\/\\\/www.phyginet.fr\\\/#website\",\"url\":\"https:\\\/\\\/www.phyginet.fr\\\/\",\"name\":\"PHYGINET\",\"description\":\"Entre vous et nous, c&#039;est net !\",\"publisher\":{\"@id\":\"https:\\\/\\\/www.phyginet.fr\\\/#organization\"},\"potentialAction\":[{\"@type\":\"SearchAction\",\"target\":{\"@type\":\"EntryPoint\",\"urlTemplate\":\"https:\\\/\\\/www.phyginet.fr\\\/?s={search_term_string}\"},\"query-input\":{\"@type\":\"PropertyValueSpecification\",\"valueRequired\":true,\"valueName\":\"search_term_string\"}}],\"inLanguage\":\"fr-FR\"},{\"@type\":\"Organization\",\"@id\":\"https:\\\/\\\/www.phyginet.fr\\\/#organization\",\"name\":\"PHYGINET\",\"url\":\"https:\\\/\\\/www.phyginet.fr\\\/\",\"logo\":{\"@type\":\"ImageObject\",\"inLanguage\":\"fr-FR\",\"@id\":\"https:\\\/\\\/www.phyginet.fr\\\/#\\\/schema\\\/logo\\\/image\\\/\",\"url\":\"https:\\\/\\\/www.phyginet.fr\\\/wp-content\\\/uploads\\\/2025\\\/05\\\/cropped-cropped-Logo-Horizontal-1-scaled-e1747232680916-1.png\",\"contentUrl\":\"https:\\\/\\\/www.phyginet.fr\\\/wp-content\\\/uploads\\\/2025\\\/05\\\/cropped-cropped-Logo-Horizontal-1-scaled-e1747232680916-1.png\",\"width\":270,\"height\":110,\"caption\":\"PHYGINET\"},\"image\":{\"@id\":\"https:\\\/\\\/www.phyginet.fr\\\/#\\\/schema\\\/logo\\\/image\\\/\"}}]}<\/script>\n<!-- \/ Yoast SEO plugin. -->","yoast_head_json":{"title":"A propos - PHYGINET","robots":{"index":"index","follow":"follow","max-snippet":"max-snippet:-1","max-image-preview":"max-image-preview:large","max-video-preview":"max-video-preview:-1"},"canonical":"https:\/\/www.phyginet.fr\/index.php\/a-propos\/","og_locale":"fr_FR","og_type":"article","og_title":"A propos - PHYGINET","og_description":"Nous vous r\u00e9v\u00e8lerons bient\u00f4t qui nous sommes et pourquoi PHYGINET !","og_url":"https:\/\/www.phyginet.fr\/index.php\/a-propos\/","og_site_name":"PHYGINET","article_modified_time":"2025-05-14T16:10:34+00:00","og_image":[{"url":"http:\/\/phyginp.cluster100.hosting.ovh.net\/wp-content\/uploads\/2025\/05\/site-en-construction-04_clrFFFFFF.png","type":"","width":"","height":""}],"twitter_card":"summary_large_image","twitter_misc":{"Dur\u00e9e de lecture estim\u00e9e":"1 minute"},"schema":{"@context":"https:\/\/schema.org","@graph":[{"@type":"WebPage","@id":"https:\/\/www.phyginet.fr\/index.php\/a-propos\/","url":"https:\/\/www.phyginet.fr\/index.php\/a-propos\/","name":"A propos - PHYGINET","isPartOf":{"@id":"https:\/\/www.phyginet.fr\/#website"},"primaryImageOfPage":{"@id":"https:\/\/www.phyginet.fr\/index.php\/a-propos\/#primaryimage"},"image":{"@id":"https:\/\/www.phyginet.fr\/index.php\/a-propos\/#primaryimage"},"thumbnailUrl":"http:\/\/phyginp.cluster100.hosting.ovh.net\/wp-content\/uploads\/2025\/05\/site-en-construction-04_clrFFFFFF.png","datePublished":"2025-04-28T08:32:45+00:00","dateModified":"2025-05-14T16:10:34+00:00","breadcrumb":{"@id":"https:\/\/www.phyginet.fr\/index.php\/a-propos\/#breadcrumb"},"inLanguage":"fr-FR","potentialAction":[{"@type":"ReadAction","target":["https:\/\/www.phyginet.fr\/index.php\/a-propos\/"]}]},{"@type":"ImageObject","inLanguage":"fr-FR","@id":"https:\/\/www.phyginet.fr\/index.php\/a-propos\/#primaryimage","url":"http:\/\/phyginp.cluster100.hosting.ovh.net\/wp-content\/uploads\/2025\/05\/site-en-construction-04_clrFFFFFF.png","contentUrl":"http:\/\/phyginp.cluster100.hosting.ovh.net\/wp-content\/uploads\/2025\/05\/site-en-construction-04_clrFFFFFF.png"},{"@type":"BreadcrumbList","@id":"https:\/\/www.phyginet.fr\/index.php\/a-propos\/#breadcrumb","itemListElement":[{"@type":"ListItem","position":1,"name":"Accueil","item":"https:\/\/www.phyginet.fr\/"},{"@type":"ListItem","position":2,"name":"A propos"}]},{"@type":"WebSite","@id":"https:\/\/www.phyginet.fr\/#website","url":"https:\/\/www.phyginet.fr\/","name":"PHYGINET","description":"Entre vous et nous, c&#039;est net !","publisher":{"@id":"https:\/\/www.phyginet.fr\/#organization"},"potentialAction":[{"@type":"SearchAction","target":{"@type":"EntryPoint","urlTemplate":"https:\/\/www.phyginet.fr\/?s={search_term_string}"},"query-input":{"@type":"PropertyValueSpecification","valueRequired":true,"valueName":"search_term_string"}}],"inLanguage":"fr-FR"},{"@type":"Organization","@id":"https:\/\/www.phyginet.fr\/#organization","name":"PHYGINET","url":"https:\/\/www.phyginet.fr\/","logo":{"@type":"ImageObject","inLanguage":"fr-FR","@id":"https:\/\/www.phyginet.fr\/#\/schema\/logo\/image\/","url":"https:\/\/www.phyginet.fr\/wp-content\/uploads\/2025\/05\/cropped-cropped-Logo-Horizontal-1-scaled-e1747232680916-1.png","contentUrl":"https:\/\/www.phyginet.fr\/wp-content\/uploads\/2025\/05\/cropped-cropped-Logo-Horizontal-1-scaled-e1747232680916-1.png","width":270,"height":110,"caption":"PHYGINET"},"image":{"@id":"https:\/\/www.phyginet.fr\/#\/schema\/logo\/image\/"}}]}},"_links":{"self":[{"href":"https:\/\/www.phyginet.fr\/index.php\/wp-json\/wp\/v2\/pages\/18","targetHints":{"allow":["GET"]}}],"collection":[{"href":"https:\/\/www.phyginet.fr\/index.php\/wp-json\/wp\/v2\/pages"}],"about":[{"href":"https:\/\/www.phyginet.fr\/index.php\/wp-json\/wp\/v2\/types\/page"}],"author":[{"embeddable":true,"href":"https:\/\/www.phyginet.fr\/index.php\/wp-json\/wp\/v2\/users\/1"}],"replies":[{"embeddable":true,"href":"https:\/\/www.phyginet.fr\/index.php\/wp-json\/wp\/v2\/comments?post=18"}],"version-history":[{"count":4,"href":"https:\/\/www.phyginet.fr\/index.php\/wp-json\/wp\/v2\/pages\/18\/revisions"}],"predecessor-version":[{"id":176,"href":"https:\/\/www.phyginet.fr\/index.php\/wp-json\/wp\/v2\/pages\/18\/revisions\/176"}],"wp:attachment":[{"href":"https:\/\/www.phyginet.fr\/index.php\/wp-json\/wp\/v2\/media?parent=18"}],"curies":[{"name":"wp","href":"https:\/\/api.w.org\/{rel}","templated":true}]}}